{"id":664,"date":"2025-07-04T11:41:02","date_gmt":"2025-07-04T09:41:02","guid":{"rendered":"https:\/\/evolut-ion.com\/?page_id=664"},"modified":"2026-01-12T17:03:36","modified_gmt":"2026-01-12T16:03:36","slug":"oplossingen","status":"publish","type":"page","link":"https:\/\/evolut-ion.com\/fr\/solutions\/","title":{"rendered":"Solutions"},"content":{"rendered":"<div data-elementor-type=\"wp-page\" data-elementor-id=\"664\" class=\"elementor elementor-664\" data-elementor-post-type=\"page\">\n\t\t\t\t<section class=\"elementor-element elementor-element-a80ca61 e-con-full e-flex e-con e-parent\" data-id=\"a80ca61\" data-element_type=\"container\" data-e-type=\"container\">\n\t\t\t\t<div class=\"elementor-element elementor-element-b9af434 elementor-widget elementor-widget-jet-engine-component-861\" data-id=\"b9af434\" data-element_type=\"widget\" data-e-type=\"widget\" data-widget_type=\"jet-engine-component-861.default\">\n\t\t\t\t<div class=\"elementor-widget-container\">\n\t\t\t\t\t<style id=\"elementor-post-861\">.elementor-861 .elementor-element.elementor-element-7c60a09{--display:flex;--flex-direction:column;--container-widget-width:100%;--container-widget-height:initial;--container-widget-flex-grow:0;--container-widget-align-self:initial;--flex-wrap-mobile:wrap;--gap:15px 15px;--row-gap:15px;--column-gap:15px;}.elementor-861 .elementor-element.elementor-element-7c60a09:not(.elementor-motion-effects-element-type-background), .elementor-861 .elementor-element.elementor-element-7c60a09 > .elementor-motion-effects-container > .elementor-motion-effects-layer{background-color:var( --e-global-color-accent );}.elementor-861 .elementor-element.elementor-element-be00918 .elementor-heading-title{font-weight:600;color:var( --e-global-color-primary );}.elementor-861 .elementor-element.elementor-element-da03b3c{font-family:var( --e-global-typography-e69eebc-font-family ), Sans-serif;font-size:var( --e-global-typography-e69eebc-font-size );font-weight:var( --e-global-typography-e69eebc-font-weight );line-height:var( --e-global-typography-e69eebc-line-height );letter-spacing:var( --e-global-typography-e69eebc-letter-spacing );word-spacing:var( --e-global-typography-e69eebc-word-spacing );color:var( --e-global-color-28da27a );width:var( --container-widget-width, 700px );max-width:700px;--container-widget-width:700px;--container-widget-flex-grow:0;}.elementor-861 .elementor-element.elementor-element-ab4dd11{--display:flex;--padding-top:0px;--padding-bottom:0px;--padding-left:0px;--padding-right:0px;}@media(max-width:1024px){.elementor-861 .elementor-element.elementor-element-da03b3c{font-size:var( --e-global-typography-e69eebc-font-size );line-height:var( --e-global-typography-e69eebc-line-height );letter-spacing:var( --e-global-typography-e69eebc-letter-spacing );word-spacing:var( --e-global-typography-e69eebc-word-spacing );}}@media(max-width:767px){.elementor-861 .elementor-element.elementor-element-da03b3c{font-size:var( --e-global-typography-e69eebc-font-size );line-height:var( --e-global-typography-e69eebc-line-height );letter-spacing:var( --e-global-typography-e69eebc-letter-spacing );word-spacing:var( --e-global-typography-e69eebc-word-spacing );}}<\/style>\t\t<div data-elementor-type=\"jet-engine-component\" data-elementor-id=\"861\" class=\"elementor elementor-861 jet-listing-grid--861 jet-component-instance-9084\" data-elementor-post-type=\"jet-engine\" style=\"\">\n\t\t\t\t<div class=\"elementor-element elementor-element-7c60a09 e-flex e-con-boxed e-con e-parent\" data-id=\"7c60a09\" data-element_type=\"container\" data-e-type=\"container\" data-settings=\"{&quot;background_background&quot;:&quot;classic&quot;}\">\n\t\t\t\t\t<div class=\"e-con-inner\">\n\t\t\t\t<div class=\"elementor-element elementor-element-be00918 elementor-widget elementor-widget-heading\" data-id=\"be00918\" data-element_type=\"widget\" data-e-type=\"widget\" data-widget_type=\"heading.default\">\n\t\t\t\t<div class=\"elementor-widget-container\">\n\t\t\t\t\t<div class=\"elementor-heading-title elementor-size-default\">Chargement intelligent, gestion intelligente<\/div>\t\t\t\t<\/div>\n\t\t\t\t<\/div>\n\t\t\t\t<div class=\"elementor-element elementor-element-c715380 elementor-widget elementor-widget-heading\" data-id=\"c715380\" data-element_type=\"widget\" data-e-type=\"widget\" data-widget_type=\"heading.default\">\n\t\t\t\t<div class=\"elementor-widget-container\">\n\t\t\t\t\t<h1 class=\"elementor-heading-title elementor-size-default\">Solutions<\/h1>\t\t\t\t<\/div>\n\t\t\t\t<\/div>\n\t\t\t\t<div class=\"elementor-element elementor-element-da03b3c elementor-widget__width-initial elementor-widget elementor-widget-text-editor\" data-id=\"da03b3c\" data-element_type=\"widget\" data-e-type=\"widget\" data-widget_type=\"text-editor.default\">\n\t\t\t\t<div class=\"elementor-widget-container\">\n\t\t\t\t\t\t\t\t\t<p>D\u00e9couvrez nos solutions pour rendre la recharge simple, \u00e9volutive et g\u00e9rable. De l'infrastructure fiable des bornes de recharge au logiciel de gestion des points de charge et de surveillance de l'\u00e9nergie (EMS), nous proposons \u00e9galement des outils de r\u00e9servation, des cartes de recharge et une application utilisateur pour une exp\u00e9rience fluide. Nous fournissons \u00e9galement des outils de r\u00e9servation, des cartes de recharge et une application utilisateur pour une exp\u00e9rience fluide.<\/p><p>Les options de marquage vous permettent \u00e9galement de personnaliser votre environnement de charge. Vous combinez ainsi technologie, facilit\u00e9 d'utilisation et contr\u00f4le dans une solution globale.<\/p>\t\t\t\t\t\t\t\t<\/div>\n\t\t\t\t<\/div>\n\t\t\t\t\t<\/div>\n\t\t\t\t<\/div>\n\t\t<div class=\"elementor-element elementor-element-ab4dd11 e-con-full e-flex e-con e-parent\" data-id=\"ab4dd11\" data-element_type=\"container\" data-e-type=\"container\">\n\t\t\t\t<div class=\"elementor-element elementor-element-b2bff94 elementor-widget elementor-widget-template\" data-id=\"b2bff94\" data-element_type=\"widget\" data-e-type=\"widget\" data-widget_type=\"template.default\">\n\t\t\t\t<div class=\"elementor-widget-container\">\n\t\t\t\t\t\t\t<div class=\"elementor-template\">\n\t\t\t<style id=\"elementor-post-755\">.elementor-755 .elementor-element.elementor-element-59ee4810{--display:flex;--flex-direction:column;--container-widget-width:100%;--container-widget-height:initial;--container-widget-flex-grow:0;--container-widget-align-self:initial;--flex-wrap-mobile:wrap;--gap:0px 0px;--row-gap:0px;--column-gap:0px;--padding-top:0px;--padding-bottom:0px;--padding-left:0px;--padding-right:0px;}.elementor-755 .elementor-element.elementor-element-30271803{--divider-border-style:solid;--divider-color:var( --e-global-color-primary );--divider-border-width:8px;}.elementor-755 .elementor-element.elementor-element-30271803 > .elementor-widget-container{margin:-8px 0px 0px 0px;}.elementor-755 .elementor-element.elementor-element-30271803 .elementor-divider-separator{width:33%;margin:0 auto;margin-left:0;}.elementor-755 .elementor-element.elementor-element-30271803 .elementor-divider{text-align:left;padding-block-start:0px;padding-block-end:0px;}.elementor-755 .elementor-element.elementor-element-246427f4{--divider-border-style:solid;--divider-color:var( --e-global-color-primary );--divider-border-width:8px;}.elementor-755 .elementor-element.elementor-element-246427f4 .elementor-divider-separator{width:100%;}.elementor-755 .elementor-element.elementor-element-246427f4 .elementor-divider{padding-block-start:0px;padding-block-end:0px;}<\/style>\t\t<div data-elementor-type=\"container\" data-elementor-id=\"755\" class=\"elementor elementor-755\" data-elementor-post-type=\"elementor_library\">\n\t\t\t\t<div class=\"elementor-element elementor-element-59ee4810 e-con-full e-flex e-con e-parent\" data-id=\"59ee4810\" data-element_type=\"container\" data-e-type=\"container\">\n\t\t\t\t<div class=\"elementor-element elementor-element-30271803 elementor-widget-divider--view-line elementor-widget elementor-widget-divider\" data-id=\"30271803\" data-element_type=\"widget\" data-e-type=\"widget\" data-widget_type=\"divider.default\">\n\t\t\t\t<div class=\"elementor-widget-container\">\n\t\t\t\t\t\t\t<div class=\"elementor-divider\">\n\t\t\t<span class=\"elementor-divider-separator\">\n\t\t\t\t\t\t<\/span>\n\t\t<\/div>\n\t\t\t\t\t\t<\/div>\n\t\t\t\t<\/div>\n\t\t\t\t<div class=\"elementor-element elementor-element-246427f4 elementor-widget-divider--view-line elementor-widget elementor-widget-divider\" data-id=\"246427f4\" data-element_type=\"widget\" data-e-type=\"widget\" data-widget_type=\"divider.default\">\n\t\t\t\t<div class=\"elementor-widget-container\">\n\t\t\t\t\t\t\t<div class=\"elementor-divider\">\n\t\t\t<span class=\"elementor-divider-separator\">\n\t\t\t\t\t\t<\/span>\n\t\t<\/div>\n\t\t\t\t\t\t<\/div>\n\t\t\t\t<\/div>\n\t\t\t\t<\/div>\n\t\t\t\t<\/div>\n\t\t\t\t<\/div>\n\t\t\t\t\t\t<\/div>\n\t\t\t\t<\/div>\n\t\t\t\t<\/div>\n\t\t\t\t<\/div>\n\t\t\t\t\t\t<\/div>\n\t\t\t\t<\/div>\n\t\t\t\t<\/section>\n\t\t<div class=\"elementor-element elementor-element-d0c3921 e-flex e-con-boxed e-con e-parent\" data-id=\"d0c3921\" data-element_type=\"container\" data-e-type=\"container\">\n\t\t\t\t\t<div class=\"e-con-inner\">\n\t\t\t\t<div class=\"elementor-element elementor-element-c04536e elementor-nav-menu--dropdown-none kolom-3 elementor-widget elementor-widget-nav-menu\" data-id=\"c04536e\" data-element_type=\"widget\" data-e-type=\"widget\" data-settings=\"{&quot;layout&quot;:&quot;vertical&quot;,&quot;submenu_icon&quot;:{&quot;value&quot;:&quot;&lt;svg aria-hidden=\\&quot;true\\&quot; class=\\&quot;e-font-icon-svg e-fas-caret-down\\&quot; viewBox=\\&quot;0 0 320 512\\&quot; xmlns=\\&quot;http:\\\/\\\/www.w3.org\\\/2000\\\/svg\\&quot;&gt;&lt;path d=\\&quot;M31.3 192h257.3c17.8 0 26.7 21.5 14.1 34.1L174.1 354.8c-7.8 7.8-20.5 7.8-28.3 0L17.2 226.1C4.6 213.5 13.5 192 31.3 192z\\&quot;&gt;&lt;\\\/path&gt;&lt;\\\/svg&gt;&quot;,&quot;library&quot;:&quot;fa-solid&quot;}}\" data-widget_type=\"nav-menu.default\">\n\t\t\t\t<div class=\"elementor-widget-container\">\n\t\t\t\t\t\t\t\t<nav aria-label=\"Menu\" class=\"elementor-nav-menu--main elementor-nav-menu__container elementor-nav-menu--layout-vertical e--pointer-none\">\n\t\t\t\t<ul id=\"menu-1-c04536e\" class=\"elementor-nav-menu sm-vertical\"><li class=\"menu-item menu-item-type-post_type menu-item-object-oplossing menu-item-698\"><a href=\"https:\/\/evolut-ion.com\/fr\/oplossing\/infrastructure-des-stations-de-recharge\/\" class=\"elementor-item\">Infrastructure des stations de recharge<\/a><\/li>\n<li class=\"menu-item menu-item-type-post_type menu-item-object-oplossing menu-item-700\"><a href=\"https:\/\/evolut-ion.com\/fr\/oplossing\/logiciel-de-gestion-des-points-de-charge\/\" class=\"elementor-item\">Logiciel de gestion des bornes de recharge<\/a><\/li>\n<li class=\"menu-item menu-item-type-post_type menu-item-object-oplossing menu-item-701\"><a href=\"https:\/\/evolut-ion.com\/fr\/oplossing\/outil-de-reservation\/\" class=\"elementor-item\">Outil de r\u00e9servation<\/a><\/li>\n<li class=\"menu-item menu-item-type-post_type menu-item-object-oplossing menu-item-697\"><a href=\"https:\/\/evolut-ion.com\/fr\/oplossing\/logiciel-de-gestion-de-lenergie-ems\/\" class=\"elementor-item\">Logiciel de gestion de l'\u00e9nergie (EMS)<\/a><\/li>\n<li class=\"menu-item menu-item-type-post_type menu-item-object-oplossing menu-item-699\"><a href=\"https:\/\/evolut-ion.com\/fr\/oplossing\/cartes-de-recharge-et-application-utilisateur\/\" class=\"elementor-item\">Cartes de paiement et application utilisateur<\/a><\/li>\n<li class=\"menu-item menu-item-type-post_type menu-item-object-oplossing menu-item-696\"><a href=\"https:\/\/evolut-ion.com\/fr\/oplossing\/marquage-au-fer-rouge\/\" class=\"elementor-item\">L'image de marque<\/a><\/li>\n<\/ul>\t\t\t<\/nav>\n\t\t\t\t\t\t<nav class=\"elementor-nav-menu--dropdown elementor-nav-menu__container\" aria-hidden=\"true\">\n\t\t\t\t<ul id=\"menu-2-c04536e\" class=\"elementor-nav-menu sm-vertical\"><li class=\"menu-item menu-item-type-post_type menu-item-object-oplossing menu-item-698\"><a href=\"https:\/\/evolut-ion.com\/fr\/oplossing\/infrastructure-des-stations-de-recharge\/\" class=\"elementor-item\" tabindex=\"-1\">Infrastructure des stations de recharge<\/a><\/li>\n<li class=\"menu-item menu-item-type-post_type menu-item-object-oplossing menu-item-700\"><a href=\"https:\/\/evolut-ion.com\/fr\/oplossing\/logiciel-de-gestion-des-points-de-charge\/\" class=\"elementor-item\" tabindex=\"-1\">Logiciel de gestion des bornes de recharge<\/a><\/li>\n<li class=\"menu-item menu-item-type-post_type menu-item-object-oplossing menu-item-701\"><a href=\"https:\/\/evolut-ion.com\/fr\/oplossing\/outil-de-reservation\/\" class=\"elementor-item\" tabindex=\"-1\">Outil de r\u00e9servation<\/a><\/li>\n<li class=\"menu-item menu-item-type-post_type menu-item-object-oplossing menu-item-697\"><a href=\"https:\/\/evolut-ion.com\/fr\/oplossing\/logiciel-de-gestion-de-lenergie-ems\/\" class=\"elementor-item\" tabindex=\"-1\">Logiciel de gestion de l'\u00e9nergie (EMS)<\/a><\/li>\n<li class=\"menu-item menu-item-type-post_type menu-item-object-oplossing menu-item-699\"><a href=\"https:\/\/evolut-ion.com\/fr\/oplossing\/cartes-de-recharge-et-application-utilisateur\/\" class=\"elementor-item\" tabindex=\"-1\">Cartes de paiement et application utilisateur<\/a><\/li>\n<li class=\"menu-item menu-item-type-post_type menu-item-object-oplossing menu-item-696\"><a href=\"https:\/\/evolut-ion.com\/fr\/oplossing\/marquage-au-fer-rouge\/\" class=\"elementor-item\" tabindex=\"-1\">L'image de marque<\/a><\/li>\n<\/ul>\t\t\t<\/nav>\n\t\t\t\t\t\t<\/div>\n\t\t\t\t<\/div>\n\t\t\t\t\t<\/div>\n\t\t\t\t<\/div>\n\t\t\t\t<\/div>","protected":false},"excerpt":{"rendered":"","protected":false},"author":3,"featured_media":0,"parent":0,"menu_order":0,"comment_status":"closed","ping_status":"closed","template":"","meta":{"_seopress_robots_primary_cat":"","_seopress_titles_title":"","_seopress_titles_desc":"","_seopress_robots_index":"","iawp_total_views":4,"footnotes":""},"class_list":["post-664","page","type-page","status-publish","hentry"],"jetpack_sharing_enabled":true,"_links":{"self":[{"href":"https:\/\/evolut-ion.com\/fr\/wp-json\/wp\/v2\/pages\/664","targetHints":{"allow":["GET"]}}],"collection":[{"href":"https:\/\/evolut-ion.com\/fr\/wp-json\/wp\/v2\/pages"}],"about":[{"href":"https:\/\/evolut-ion.com\/fr\/wp-json\/wp\/v2\/types\/page"}],"author":[{"embeddable":true,"href":"https:\/\/evolut-ion.com\/fr\/wp-json\/wp\/v2\/users\/3"}],"replies":[{"embeddable":true,"href":"https:\/\/evolut-ion.com\/fr\/wp-json\/wp\/v2\/comments?post=664"}],"version-history":[{"count":4,"href":"https:\/\/evolut-ion.com\/fr\/wp-json\/wp\/v2\/pages\/664\/revisions"}],"predecessor-version":[{"id":1314,"href":"https:\/\/evolut-ion.com\/fr\/wp-json\/wp\/v2\/pages\/664\/revisions\/1314"}],"wp:attachment":[{"href":"https:\/\/evolut-ion.com\/fr\/wp-json\/wp\/v2\/media?parent=664"}],"curies":[{"name":"wp","href":"https:\/\/api.w.org\/{rel}","templated":true}]}}